{"id":2756,"date":"2024-10-04T09:27:18","date_gmt":"2024-10-04T09:27:18","guid":{"rendered":"https:\/\/ateliercorcaroli.fr\/?page_id=2756"},"modified":"2025-10-20T17:35:23","modified_gmt":"2025-10-20T17:35:23","slug":"comment-choisir-sa-taille","status":"publish","type":"page","link":"https:\/\/ateliercorcaroli.fr\/en\/comment-choisir-sa-taille\/","title":{"rendered":"How to choose your size?"},"content":{"rendered":"<h1 class=\"wp-block-heading has-text-align-center\">Women\u2019s Sizes<\/h1>\n\n\n\n<div class=\"wp-block-uagb-separator uagb-block-388e6043\"><div class=\"wp-block-uagb-separator__inner\" style=\"--my-background-image:\"><\/div><\/div>\n\n\n\n<div class=\"wp-block-group uag-hide-desktop has-global-padding is-layout-constrained wp-block-group-is-layout-constrained\">\n<div class=\"wp-block-columns is-layout-flex wp-container-core-columns-is-layout-28f84493 wp-block-columns-is-layout-flex\">\n<div class=\"wp-block-column is-layout-flow wp-block-column-is-layout-flow\" style=\"flex-basis:100%\">\n<div class=\"wp-block-group uag-hide-desktop is-vertical is-nowrap is-layout-flex wp-container-core-group-is-layout-6fe931d8 wp-block-group-is-layout-flex\">\n<figure class=\"wp-block-image size-full\"><img loading=\"lazy\" decoding=\"async\" width=\"706\" height=\"503\" src=\"https:\/\/ateliercorcaroli.fr\/wp-content\/uploads\/2024\/12\/taiiles-1.jpg\" alt=\"\" class=\"wp-image-3209\" srcset=\"https:\/\/ateliercorcaroli.fr\/wp-content\/uploads\/2024\/12\/taiiles-1.jpg 706w, https:\/\/ateliercorcaroli.fr\/wp-content\/uploads\/2024\/12\/taiiles-1-300x214.jpg 300w, https:\/\/ateliercorcaroli.fr\/wp-content\/uploads\/2024\/12\/taiiles-1-600x427.jpg 600w\" sizes=\"auto, (max-width: 706px) 100vw, 706px\" \/><\/figure>\n\n\n\n<ul class=\"wp-block-list\">\n<li class=\"translation-block\"><strong>1 \u2013 Bust:<\/strong> Measure horizontally under the arms, around the fullest part of the chest.<\/li>\n\n\n\n<li class=\"translation-block\"><strong>2 \u2013 Waist:<\/strong> Measure horizontally around the waist.<\/li>\n\n\n\n<li class=\"translation-block\"><strong>3 \u2013 Hips:<\/strong> Measure horizontally around the hips.<\/li>\n<\/ul>\n<\/div>\n<\/div>\n<\/div>\n<\/div>\n\n\n\n<div class=\"wp-block-group uag-hide-tab uag-hide-mob has-global-padding is-layout-constrained wp-block-group-is-layout-constrained\">\n<div class=\"wp-block-columns is-layout-flex wp-container-core-columns-is-layout-28f84493 wp-block-columns-is-layout-flex\">\n<div class=\"wp-block-column is-layout-flow wp-block-column-is-layout-flow\" style=\"flex-basis:100%\">\n<div class=\"wp-block-group is-nowrap is-layout-flex wp-container-core-group-is-layout-6c531013 wp-block-group-is-layout-flex\">\n<figure class=\"wp-block-image size-full\"><img loading=\"lazy\" decoding=\"async\" width=\"706\" height=\"503\" src=\"https:\/\/ateliercorcaroli.fr\/wp-content\/uploads\/2024\/12\/taiiles.jpg\" alt=\"\" class=\"wp-image-3198\" srcset=\"https:\/\/ateliercorcaroli.fr\/wp-content\/uploads\/2024\/12\/taiiles.jpg 706w, https:\/\/ateliercorcaroli.fr\/wp-content\/uploads\/2024\/12\/taiiles-300x214.jpg 300w, https:\/\/ateliercorcaroli.fr\/wp-content\/uploads\/2024\/12\/taiiles-600x427.jpg 600w\" sizes=\"auto, (max-width: 706px) 100vw, 706px\" \/><\/figure>\n\n\n\n<ul class=\"wp-block-list\">\n<li class=\"translation-block\"><strong>1 \u2013 Bust:<\/strong> Measure horizontally under the arms, around the fullest part of the chest.<\/li>\n\n\n\n<li class=\"translation-block\"><strong>2 \u2013 Waist:<\/strong> Measure horizontally around the waist.<\/li>\n\n\n\n<li class=\"translation-block\"><strong>3 \u2013 Hips:<\/strong> Measure horizontally around the hips.<\/li>\n<\/ul>\n<\/div>\n<\/div>\n<\/div>\n<\/div>\n\n\n\n<figure class=\"wp-block-table\"><table><tbody><tr><td class=\"has-text-align-center\" data-align=\"center\"><strong>SIZE<\/strong><\/td><td class=\"has-text-align-center\" data-align=\"center\">1<\/td><td class=\"has-text-align-center\" data-align=\"center\">2<\/td><td class=\"has-text-align-center\" data-align=\"center\">3<\/td><\/tr><tr><td class=\"has-text-align-center\" data-align=\"center\"><strong>Bust<\/strong>*<\/td><td class=\"has-text-align-center\" data-align=\"center\">79\/83<\/td><td class=\"has-text-align-center\" data-align=\"center\">87\/92<\/td><td class=\"has-text-align-center\" data-align=\"center\">96\/100<\/td><\/tr><tr><td class=\"has-text-align-center\" data-align=\"center\"><strong>Waist<\/strong>*<\/td><td class=\"has-text-align-center\" data-align=\"center\">64\/68<\/td><td class=\"has-text-align-center\" data-align=\"center\">72\/76<\/td><td class=\"has-text-align-center\" data-align=\"center\">80\/84<\/td><\/tr><tr><td class=\"has-text-align-center\" data-align=\"center\"><strong>Hips<\/strong>*<\/td><td class=\"has-text-align-center\" data-align=\"center\">94<\/td><td class=\"has-text-align-center\" data-align=\"center\">102<\/td><td class=\"has-text-align-center\" data-align=\"center\">110<\/td><\/tr><\/tbody><\/table><\/figure>\n\n\n\n<div class=\"wp-block-uagb-separator uagb-block-21257c3d\"><div class=\"wp-block-uagb-separator__inner\" style=\"--my-background-image:\"><\/div><\/div>\n\n\n\n<h2 class=\"wp-block-heading has-text-align-center\"><strong>One Size<\/strong><\/h2>\n\n\n\n<p>One-size garments combine versatility, practicality, and inclusivity thanks to thoughtfully designed cuts that adapt to a variety of body shapes. <\/p>\n\n\n\n<figure class=\"wp-block-table\"><table><tbody><tr><td class=\"has-text-align-center\" data-align=\"center\"><strong>SIZE<\/strong><\/td><td class=\"has-text-align-center\" data-align=\"center\">Unique<\/td><\/tr><tr><td class=\"has-text-align-center\" data-align=\"center\"><strong>Maximum length<\/strong>*<\/td><td class=\"has-text-align-center\" data-align=\"center\">85<\/td><\/tr><tr><td class=\"has-text-align-center translation-block\" data-align=\"center\"><strong>Bust<\/strong> <strong>max<\/strong>*<\/td><td class=\"has-text-align-center\" data-align=\"center\">155<\/td><\/tr><\/tbody><\/table><\/figure>\n\n\n\n<p>* all measurements are in centimeters <\/p>\n\n\n\n<div class=\"wp-block-uagb-separator uagb-block-791c7828\"><div class=\"wp-block-uagb-separator__inner\" style=\"--my-background-image:\"><\/div><\/div>\n\n\n\n<h3 class=\"wp-block-heading has-text-align-center\">\u2702\ufe0fCustom Fit \u2013 Tailored Leg Length<\/h3>\n\n\n\n<p>At the Cor Caroli Atelier, each made-to-measure pair of trousers is thoughtfully designed and carefully handcrafted. We create ethical and sustainable garments, handmade in our French artisanal workshop.<br>The leg length of your trousers is adjusted according to your measurements, ensuring a perfect drape, optimal comfort, and timeless elegance.<\/p>\n\n\n\n<p>\ud83e\uddf5 How to measure your leg length:<br>1. Tenez-vous droit, pieds nus ou avec les chaussures que vous porterez avec le pantalon.<br>2. Mesurez la distance entre le haut de l\u2019entrejambe et le bas de la cheville, \u00e0 l\u2019aide d\u2019un m\u00e8tre ruban.<br>3. Si vous pr\u00e9f\u00e9rez un style plus court ou plus long, indiquez la longueur souhait\u00e9e en centim\u00e8tres.<br>4. Ajoutez cette mesure dans la rubrique \u201cNotes\u201d au moment de votre commande.<\/p>\n\n\n\n<p>Each Cor Caroli Atelier creation reflects the union of artisanal craftsmanship, made-to-measure precision, and a commitment to responsible and poetic fashion.<\/p>\n\n\n\n<div class=\"wp-block-uagb-separator uagb-block-11e34f49\"><div class=\"wp-block-uagb-separator__inner\" style=\"--my-background-image:\"><\/div><\/div>","protected":false},"excerpt":{"rendered":"<p>Taille Femme TAILLE 1 2 3 Poitrine* 79\/83 87\/92 96\/100 Tour de taille* 64\/68 72\/76 80\/84 Hanche* 94 102 110 La Taille Unique Les v\u00eatements en taille unique combinent polyvalence, praticit\u00e9 et inclusivit\u00e9 gr\u00e2ce \u00e0 des coupes pens\u00e9es pour convenir \u00e0 une vari\u00e9t\u00e9 de morphologies. TAILLE Unique Longueur max* 85 Tour de poitrine max* 155 [&hellip;]<\/p>\n","protected":false},"author":1,"featured_media":0,"parent":0,"menu_order":0,"comment_status":"closed","ping_status":"closed","template":"","meta":{"_uag_custom_page_level_css":"","footnotes":""},"class_list":["post-2756","page","type-page","status-publish","hentry"],"aioseo_notices":[],"uagb_featured_image_src":{"full":false,"thumbnail":false,"medium":false,"medium_large":false,"large":false,"1536x1536":false,"2048x2048":false,"trp-custom-language-flag":false,"mailpoet_newsletter_max":false,"woocommerce_thumbnail":false,"woocommerce_single":false,"woocommerce_gallery_thumbnail":false},"uagb_author_info":{"display_name":"","author_link":"https:\/\/ateliercorcaroli.fr\/en\/author\/ateliercorcaroligmail-com\/"},"uagb_comment_info":0,"uagb_excerpt":"Taille Femme TAILLE 1 2 3 Poitrine* 79\/83 87\/92 96\/100 Tour de taille* 64\/68 72\/76 80\/84 Hanche* 94 102 110 La Taille Unique Les v\u00eatements en taille unique combinent polyvalence, praticit\u00e9 et inclusivit\u00e9 gr\u00e2ce \u00e0 des coupes pens\u00e9es pour convenir \u00e0 une vari\u00e9t\u00e9 de morphologies. TAILLE Unique Longueur max* 85 Tour de poitrine max* 155&hellip;","_links":{"self":[{"href":"https:\/\/ateliercorcaroli.fr\/en\/wp-json\/wp\/v2\/pages\/2756","targetHints":{"allow":["GET"]}}],"collection":[{"href":"https:\/\/ateliercorcaroli.fr\/en\/wp-json\/wp\/v2\/pages"}],"about":[{"href":"https:\/\/ateliercorcaroli.fr\/en\/wp-json\/wp\/v2\/types\/page"}],"author":[{"embeddable":true,"href":"https:\/\/ateliercorcaroli.fr\/en\/wp-json\/wp\/v2\/users\/1"}],"replies":[{"embeddable":true,"href":"https:\/\/ateliercorcaroli.fr\/en\/wp-json\/wp\/v2\/comments?post=2756"}],"version-history":[{"count":32,"href":"https:\/\/ateliercorcaroli.fr\/en\/wp-json\/wp\/v2\/pages\/2756\/revisions"}],"predecessor-version":[{"id":3909,"href":"https:\/\/ateliercorcaroli.fr\/en\/wp-json\/wp\/v2\/pages\/2756\/revisions\/3909"}],"wp:attachment":[{"href":"https:\/\/ateliercorcaroli.fr\/en\/wp-json\/wp\/v2\/media?parent=2756"}],"curies":[{"name":"wp","href":"https:\/\/api.w.org\/{rel}","templated":true}]}}