{"id":2548,"date":"2024-09-20T13:07:37","date_gmt":"2024-09-20T13:07:37","guid":{"rendered":"https:\/\/ateliercorcaroli.fr\/?post_type=product&#038;p=2548"},"modified":"2026-02-09T18:21:24","modified_gmt":"2026-02-09T18:21:24","slug":"sac-banane-lisboa","status":"publish","type":"product","link":"https:\/\/ateliercorcaroli.fr\/en\/product\/sac-banane-lisboa\/","title":{"rendered":"Lisboa Belt Bag"},"content":{"rendered":"<ul>\n<li>Handmade in Antibes<\/li>\n<li>Adjustable strap<\/li>\n<li class=\"translation-block\">Composition: Corduroy fabric 92% <span class=\"dictionary\" data-description=\"Polyester is a synthetic fiber widely used in garment manufacturing. This material is easy to care for, resists wrinkles, and retains its shape well.\">Polyester<\/span> 8% Polyacrylic, 100% cotton lining<\/li>\n<li>Shipping within mainland France<\/li>\n<\/ul>","protected":false},"excerpt":{"rendered":"<p>Fully lined belt bag with 100% cotton vintage fabric<\/p>\n<p>Made to order within 15 days \u2665<\/p>\n<div class=\"wp-block-buttons is-layout-flex wp-block-buttons-is-layout-flex\"><\/div>","protected":false},"featured_media":2490,"comment_status":"open","ping_status":"closed","template":"","meta":{"_uag_custom_page_level_css":""},"product_brand":[],"product_cat":[41,46],"product_tag":[],"class_list":{"0":"post-2548","1":"product","2":"type-product","3":"status-publish","4":"has-post-thumbnail","6":"product_cat-accessoires","7":"product_cat-sacs-banane","9":"first","10":"instock","11":"purchasable","12":"product-type-variable"},"aioseo_notices":[],"uagb_featured_image_src":{"full":["https:\/\/ateliercorcaroli.fr\/wp-content\/uploads\/2024\/08\/IMG_2872-scaled.jpeg",2392,2560,false],"thumbnail":["https:\/\/ateliercorcaroli.fr\/wp-content\/uploads\/2024\/08\/IMG_2872-150x150.jpeg",150,150,true],"medium":["https:\/\/ateliercorcaroli.fr\/wp-content\/uploads\/2024\/08\/IMG_2872-280x300.jpeg",280,300,true],"medium_large":["https:\/\/ateliercorcaroli.fr\/wp-content\/uploads\/2024\/08\/IMG_2872-768x822.jpeg",768,822,true],"large":["https:\/\/ateliercorcaroli.fr\/wp-content\/uploads\/2024\/08\/IMG_2872-957x1024.jpeg",957,1024,true],"1536x1536":["https:\/\/ateliercorcaroli.fr\/wp-content\/uploads\/2024\/08\/IMG_2872-1435x1536.jpeg",1435,1536,true],"2048x2048":["https:\/\/ateliercorcaroli.fr\/wp-content\/uploads\/2024\/08\/IMG_2872-1913x2048.jpeg",1913,2048,true],"trp-custom-language-flag":["https:\/\/ateliercorcaroli.fr\/wp-content\/uploads\/2024\/08\/IMG_2872-scaled.jpeg",11,12,false],"mailpoet_newsletter_max":["https:\/\/ateliercorcaroli.fr\/wp-content\/uploads\/2024\/08\/IMG_2872-scaled.jpeg",1320,1413,false],"woocommerce_thumbnail":["https:\/\/ateliercorcaroli.fr\/wp-content\/uploads\/2024\/08\/IMG_2872-540x540.jpeg",540,540,true],"woocommerce_single":["https:\/\/ateliercorcaroli.fr\/wp-content\/uploads\/2024\/08\/IMG_2872-600x642.jpeg",600,642,true],"woocommerce_gallery_thumbnail":["https:\/\/ateliercorcaroli.fr\/wp-content\/uploads\/2024\/08\/IMG_2872-150x150.jpeg",150,150,true]},"uagb_author_info":{"display_name":"","author_link":"https:\/\/ateliercorcaroli.fr\/en\/author\/"},"uagb_comment_info":0,"uagb_excerpt":"Sac Banane enti\u00e8rement doubl\u00e9 avec tissu vintage 100% coton D\u00e9lai de confection de 15 jours \u2665.","_links":{"self":[{"href":"https:\/\/ateliercorcaroli.fr\/en\/wp-json\/wp\/v2\/product\/2548","targetHints":{"allow":["GET"]}}],"collection":[{"href":"https:\/\/ateliercorcaroli.fr\/en\/wp-json\/wp\/v2\/product"}],"about":[{"href":"https:\/\/ateliercorcaroli.fr\/en\/wp-json\/wp\/v2\/types\/product"}],"replies":[{"embeddable":true,"href":"https:\/\/ateliercorcaroli.fr\/en\/wp-json\/wp\/v2\/comments?post=2548"}],"wp:featuredmedia":[{"embeddable":true,"href":"https:\/\/ateliercorcaroli.fr\/en\/wp-json\/wp\/v2\/media\/2490"}],"wp:attachment":[{"href":"https:\/\/ateliercorcaroli.fr\/en\/wp-json\/wp\/v2\/media?parent=2548"}],"wp:term":[{"taxonomy":"product_brand","embeddable":true,"href":"https:\/\/ateliercorcaroli.fr\/en\/wp-json\/wp\/v2\/product_brand?post=2548"},{"taxonomy":"product_cat","embeddable":true,"href":"https:\/\/ateliercorcaroli.fr\/en\/wp-json\/wp\/v2\/product_cat?post=2548"},{"taxonomy":"product_tag","embeddable":true,"href":"https:\/\/ateliercorcaroli.fr\/en\/wp-json\/wp\/v2\/product_tag?post=2548"}],"curies":[{"name":"wp","href":"https:\/\/api.w.org\/{rel}","templated":true}]}}