{"id":2712,"date":"2024-09-21T18:54:20","date_gmt":"2024-09-21T18:54:20","guid":{"rendered":"https:\/\/ateliercorcaroli.fr\/?post_type=product&#038;p=2712"},"modified":"2026-02-20T11:25:00","modified_gmt":"2026-02-20T11:25:00","slug":"t-shirt-tie-dye","status":"publish","type":"product","link":"https:\/\/ateliercorcaroli.fr\/en\/product\/t-shirt-tie-dye\/","title":{"rendered":"Colorful Tie-Dye T-shirt"},"content":{"rendered":"<ul>\n<li>This double gauze is made of 100% Oeko-Tex certified and organic cotton.<\/li>\n<li>Lightweight, soft, and airy, featuring a distinctive tie-dye pattern.<\/li>\n<li>Wash at a maximum of 30\u00b0C<\/li>\n<li>Do not tumble dry<\/li>\n<li>Iron at low temperature without steam<\/li>\n<li>Do not use bleach<\/li>\n<li class=\"translation-block\">For other sizes, please feel free to send us an <span style=\"color: #993366\"><em><a style=\"color: #993366\" href=\"https:\/\/ateliercorcaroli.fr\/en\/contactez-nous\/\" target=\"_self\">email<\/a><\/em><\/span><\/li>\n<li class=\"translation-block\">How to choose your <strong><a href=\"https:\/\/ateliercorcaroli.fr\/en\/comment-choisir-sa-taille\/\" target=\"_self\">size<\/a><\/strong>?<\/li>\n<\/ul>","protected":false},"excerpt":{"rendered":"<h4>Is your size no longer available?<\/h4>\n<p>Order this model subject to fabric availability. 15-day production time \u2665.<\/p>","protected":false},"featured_media":2798,"comment_status":"open","ping_status":"closed","template":"","meta":{"_uag_custom_page_level_css":""},"product_brand":[],"product_cat":[49,42],"product_tag":[],"class_list":{"0":"post-2712","1":"product","2":"type-product","3":"status-publish","4":"has-post-thumbnail","6":"product_cat-t-shrit","7":"product_cat-vetements","9":"first","10":"instock","11":"purchasable","12":"product-type-variable","13":"has-default-attributes"},"aioseo_notices":[],"uagb_featured_image_src":{"full":["https:\/\/ateliercorcaroli.fr\/wp-content\/uploads\/2024\/09\/IMG_3362.jpeg",1784,1727,false],"thumbnail":["https:\/\/ateliercorcaroli.fr\/wp-content\/uploads\/2024\/09\/IMG_3362-150x150.jpeg",150,150,true],"medium":["https:\/\/ateliercorcaroli.fr\/wp-content\/uploads\/2024\/09\/IMG_3362-300x290.jpeg",300,290,true],"medium_large":["https:\/\/ateliercorcaroli.fr\/wp-content\/uploads\/2024\/09\/IMG_3362-768x743.jpeg",768,743,true],"large":["https:\/\/ateliercorcaroli.fr\/wp-content\/uploads\/2024\/09\/IMG_3362-1024x991.jpeg",1024,991,true],"1536x1536":["https:\/\/ateliercorcaroli.fr\/wp-content\/uploads\/2024\/09\/IMG_3362-1536x1487.jpeg",1536,1487,true],"2048x2048":["https:\/\/ateliercorcaroli.fr\/wp-content\/uploads\/2024\/09\/IMG_3362.jpeg",1784,1727,false],"trp-custom-language-flag":["https:\/\/ateliercorcaroli.fr\/wp-content\/uploads\/2024\/09\/IMG_3362.jpeg",12,12,false],"mailpoet_newsletter_max":["https:\/\/ateliercorcaroli.fr\/wp-content\/uploads\/2024\/09\/IMG_3362.jpeg",1320,1278,false],"woocommerce_thumbnail":["https:\/\/ateliercorcaroli.fr\/wp-content\/uploads\/2024\/09\/IMG_3362-540x540.jpeg",540,540,true],"woocommerce_single":["https:\/\/ateliercorcaroli.fr\/wp-content\/uploads\/2024\/09\/IMG_3362-600x581.jpeg",600,581,true],"woocommerce_gallery_thumbnail":["https:\/\/ateliercorcaroli.fr\/wp-content\/uploads\/2024\/09\/IMG_3362-150x150.jpeg",150,150,true]},"uagb_author_info":{"display_name":"","author_link":"https:\/\/ateliercorcaroli.fr\/en\/author\/"},"uagb_comment_info":0,"uagb_excerpt":"Votre taille n'est plus disponible? Commander ce mod\u00e8le selon la disponibilit\u00e9 du tissu. D\u00e9lai de confection de 15 jours \u2665.","_links":{"self":[{"href":"https:\/\/ateliercorcaroli.fr\/en\/wp-json\/wp\/v2\/product\/2712","targetHints":{"allow":["GET"]}}],"collection":[{"href":"https:\/\/ateliercorcaroli.fr\/en\/wp-json\/wp\/v2\/product"}],"about":[{"href":"https:\/\/ateliercorcaroli.fr\/en\/wp-json\/wp\/v2\/types\/product"}],"replies":[{"embeddable":true,"href":"https:\/\/ateliercorcaroli.fr\/en\/wp-json\/wp\/v2\/comments?post=2712"}],"wp:featuredmedia":[{"embeddable":true,"href":"https:\/\/ateliercorcaroli.fr\/en\/wp-json\/wp\/v2\/media\/2798"}],"wp:attachment":[{"href":"https:\/\/ateliercorcaroli.fr\/en\/wp-json\/wp\/v2\/media?parent=2712"}],"wp:term":[{"taxonomy":"product_brand","embeddable":true,"href":"https:\/\/ateliercorcaroli.fr\/en\/wp-json\/wp\/v2\/product_brand?post=2712"},{"taxonomy":"product_cat","embeddable":true,"href":"https:\/\/ateliercorcaroli.fr\/en\/wp-json\/wp\/v2\/product_cat?post=2712"},{"taxonomy":"product_tag","embeddable":true,"href":"https:\/\/ateliercorcaroli.fr\/en\/wp-json\/wp\/v2\/product_tag?post=2712"}],"curies":[{"name":"wp","href":"https:\/\/api.w.org\/{rel}","templated":true}]}}