{"id":2741,"date":"2024-09-26T09:42:46","date_gmt":"2024-09-26T09:42:46","guid":{"rendered":"https:\/\/ateliercorcaroli.fr\/?post_type=product&#038;p=2741"},"modified":"2025-12-29T10:44:51","modified_gmt":"2025-12-29T10:44:51","slug":"pochette","status":"publish","type":"product","link":"https:\/\/ateliercorcaroli.fr\/en\/product\/pochette\/","title":{"rendered":"Mini Pouch"},"content":{"rendered":"<ul>\n<li>Handmade in Antibes<\/li>\n<li>Dimensions: 24 \u00d7 19 cm<\/li>\n<li class=\"translation-block\">Composition: Upcycled denim, corduroy fabric 92% <span class=\"dictionary\" data-description=\"Polyester is a synthetic fiber widely used in garment manufacturing. This material is easy to care for, resists wrinkles, and retains its shape well.\">Polyester<\/span> 8% Polyacrylic, 100% cotton lining<\/li>\n<li>Shipping within mainland France<\/li>\n<\/ul>","protected":false},"excerpt":{"rendered":"<p>A zippered pouch made with a zero-waste fabric approach \u2665<\/p>","protected":false},"featured_media":2806,"comment_status":"open","ping_status":"closed","template":"","meta":{"_uag_custom_page_level_css":""},"product_brand":[],"product_cat":[41,48],"product_tag":[],"class_list":{"0":"post-2741","1":"product","2":"type-product","3":"status-publish","4":"has-post-thumbnail","6":"product_cat-accessoires","7":"product_cat-pochettes","9":"first","10":"instock","11":"purchasable","12":"product-type-variable"},"aioseo_notices":[],"uagb_featured_image_src":{"full":["https:\/\/ateliercorcaroli.fr\/wp-content\/uploads\/2024\/09\/IMG_3374-1-scaled.jpeg",1769,2560,false],"thumbnail":["https:\/\/ateliercorcaroli.fr\/wp-content\/uploads\/2024\/09\/IMG_3374-1-150x150.jpeg",150,150,true],"medium":["https:\/\/ateliercorcaroli.fr\/wp-content\/uploads\/2024\/09\/IMG_3374-1-207x300.jpeg",207,300,true],"medium_large":["https:\/\/ateliercorcaroli.fr\/wp-content\/uploads\/2024\/09\/IMG_3374-1-768x1111.jpeg",768,1111,true],"large":["https:\/\/ateliercorcaroli.fr\/wp-content\/uploads\/2024\/09\/IMG_3374-1-708x1024.jpeg",708,1024,true],"1536x1536":["https:\/\/ateliercorcaroli.fr\/wp-content\/uploads\/2024\/09\/IMG_3374-1-1061x1536.jpeg",1061,1536,true],"2048x2048":["https:\/\/ateliercorcaroli.fr\/wp-content\/uploads\/2024\/09\/IMG_3374-1-1415x2048.jpeg",1415,2048,true],"trp-custom-language-flag":["https:\/\/ateliercorcaroli.fr\/wp-content\/uploads\/2024\/09\/IMG_3374-1-scaled.jpeg",8,12,false],"mailpoet_newsletter_max":["https:\/\/ateliercorcaroli.fr\/wp-content\/uploads\/2024\/09\/IMG_3374-1-scaled.jpeg",1320,1910,false],"woocommerce_thumbnail":["https:\/\/ateliercorcaroli.fr\/wp-content\/uploads\/2024\/09\/IMG_3374-1-540x540.jpeg",540,540,true],"woocommerce_single":["https:\/\/ateliercorcaroli.fr\/wp-content\/uploads\/2024\/09\/IMG_3374-1-600x868.jpeg",600,868,true],"woocommerce_gallery_thumbnail":["https:\/\/ateliercorcaroli.fr\/wp-content\/uploads\/2024\/09\/IMG_3374-1-150x150.jpeg",150,150,true]},"uagb_author_info":{"display_name":"","author_link":"https:\/\/ateliercorcaroli.fr\/en\/author\/"},"uagb_comment_info":0,"uagb_excerpt":"Trousse \u00e0 fermeture \u00e9clair confectionne dans l'esprit z\u00e9ro gaspillage de tissu \u2665.","_links":{"self":[{"href":"https:\/\/ateliercorcaroli.fr\/en\/wp-json\/wp\/v2\/product\/2741","targetHints":{"allow":["GET"]}}],"collection":[{"href":"https:\/\/ateliercorcaroli.fr\/en\/wp-json\/wp\/v2\/product"}],"about":[{"href":"https:\/\/ateliercorcaroli.fr\/en\/wp-json\/wp\/v2\/types\/product"}],"replies":[{"embeddable":true,"href":"https:\/\/ateliercorcaroli.fr\/en\/wp-json\/wp\/v2\/comments?post=2741"}],"wp:featuredmedia":[{"embeddable":true,"href":"https:\/\/ateliercorcaroli.fr\/en\/wp-json\/wp\/v2\/media\/2806"}],"wp:attachment":[{"href":"https:\/\/ateliercorcaroli.fr\/en\/wp-json\/wp\/v2\/media?parent=2741"}],"wp:term":[{"taxonomy":"product_brand","embeddable":true,"href":"https:\/\/ateliercorcaroli.fr\/en\/wp-json\/wp\/v2\/product_brand?post=2741"},{"taxonomy":"product_cat","embeddable":true,"href":"https:\/\/ateliercorcaroli.fr\/en\/wp-json\/wp\/v2\/product_cat?post=2741"},{"taxonomy":"product_tag","embeddable":true,"href":"https:\/\/ateliercorcaroli.fr\/en\/wp-json\/wp\/v2\/product_tag?post=2741"}],"curies":[{"name":"wp","href":"https:\/\/api.w.org\/{rel}","templated":true}]}}