{"id":3151,"date":"2024-11-05T18:53:03","date_gmt":"2024-11-05T18:53:03","guid":{"rendered":"https:\/\/ateliercorcaroli.fr\/?post_type=product&#038;p=3151"},"modified":"2026-02-09T18:15:43","modified_gmt":"2026-02-09T18:15:43","slug":"sac-banane-japan","status":"publish","type":"product","link":"https:\/\/ateliercorcaroli.fr\/en\/product\/sac-banane-japan\/","title":{"rendered":"Japan Belt Bag"},"content":{"rendered":"<ul>\n<li>Japan Belt Bag handcrafted in Antibes<\/li>\n<li>Adjustable strap<\/li>\n<li class=\"translation-block\">Composition: Corduroy fabric 92% <span class=\"dictionary\" data-description=\"Polyester is a synthetic fiber widely used in garment manufacturing. This material is easy to care for, resists wrinkles, and retains its shape well.\">Polyester<\/span> 8% Polyacrylic, 100% cotton lining<\/li>\n<\/ul>","protected":false},"excerpt":{"rendered":"<p data-start=\"176\" data-end=\"674\">Add a retro and elegant touch to your outfits with this Japan belt bag.<\/p>\n<p data-start=\"176\" data-end=\"674\">Soft to the touch and full of character, it blends comfort and style to accompany your days with a confident vintage touch.<\/p>\n<p data-start=\"176\" data-end=\"674\">Its corduroy fabric offers a warm, on-trend texture, while the adjustable strap allows it to be worn at the waist or crossbody. Practical and functional, its zippered compartment keeps your essentials within easy reach: phone, keys, wallet, or glasses.<\/p>\n<p data-start=\"676\" data-end=\"783\">An accessory that is both chic and casual, perfect for brightening your autumn and spring looks.<\/p>","protected":false},"featured_media":3233,"comment_status":"open","ping_status":"closed","template":"","meta":{"_uag_custom_page_level_css":""},"product_brand":[],"product_cat":[41,46],"product_tag":[],"class_list":{"0":"post-3151","1":"product","2":"type-product","3":"status-publish","4":"has-post-thumbnail","6":"product_cat-accessoires","7":"product_cat-sacs-banane","9":"first","10":"instock","11":"sold-individually","12":"purchasable","13":"product-type-variable"},"aioseo_notices":[],"uagb_featured_image_src":{"full":["https:\/\/ateliercorcaroli.fr\/wp-content\/uploads\/2024\/11\/IMG_4303-scaled.jpeg",1920,2560,false],"thumbnail":["https:\/\/ateliercorcaroli.fr\/wp-content\/uploads\/2024\/11\/IMG_4303-150x150.jpeg",150,150,true],"medium":["https:\/\/ateliercorcaroli.fr\/wp-content\/uploads\/2024\/11\/IMG_4303-225x300.jpeg",225,300,true],"medium_large":["https:\/\/ateliercorcaroli.fr\/wp-content\/uploads\/2024\/11\/IMG_4303-768x1024.jpeg",768,1024,true],"large":["https:\/\/ateliercorcaroli.fr\/wp-content\/uploads\/2024\/11\/IMG_4303-768x1024.jpeg",768,1024,true],"1536x1536":["https:\/\/ateliercorcaroli.fr\/wp-content\/uploads\/2024\/11\/IMG_4303-1152x1536.jpeg",1152,1536,true],"2048x2048":["https:\/\/ateliercorcaroli.fr\/wp-content\/uploads\/2024\/11\/IMG_4303-1536x2048.jpeg",1536,2048,true],"trp-custom-language-flag":["https:\/\/ateliercorcaroli.fr\/wp-content\/uploads\/2024\/11\/IMG_4303-scaled.jpeg",9,12,false],"mailpoet_newsletter_max":["https:\/\/ateliercorcaroli.fr\/wp-content\/uploads\/2024\/11\/IMG_4303-scaled.jpeg",1320,1760,false],"woocommerce_thumbnail":["https:\/\/ateliercorcaroli.fr\/wp-content\/uploads\/2024\/11\/IMG_4303-540x540.jpeg",540,540,true],"woocommerce_single":["https:\/\/ateliercorcaroli.fr\/wp-content\/uploads\/2024\/11\/IMG_4303-600x800.jpeg",600,800,true],"woocommerce_gallery_thumbnail":["https:\/\/ateliercorcaroli.fr\/wp-content\/uploads\/2024\/11\/IMG_4303-150x150.jpeg",150,150,true]},"uagb_author_info":{"display_name":"","author_link":"https:\/\/ateliercorcaroli.fr\/en\/author\/"},"uagb_comment_info":0,"uagb_excerpt":"Ajoutez une touche r\u00e9tro et \u00e9l\u00e9gante \u00e0 vos tenues avec ce sac banane Japan. Doux au toucher et plein de caract\u00e8re, il allie confort et style pour accompagner vos journ\u00e9es avec une note vintage assum\u00e9e. Son tissu en velours c\u00f4tel\u00e9 offre une texture chaleureuse et tendance, tandis que sa sangle ajustable permet un port \u00e0&hellip;","_links":{"self":[{"href":"https:\/\/ateliercorcaroli.fr\/en\/wp-json\/wp\/v2\/product\/3151","targetHints":{"allow":["GET"]}}],"collection":[{"href":"https:\/\/ateliercorcaroli.fr\/en\/wp-json\/wp\/v2\/product"}],"about":[{"href":"https:\/\/ateliercorcaroli.fr\/en\/wp-json\/wp\/v2\/types\/product"}],"replies":[{"embeddable":true,"href":"https:\/\/ateliercorcaroli.fr\/en\/wp-json\/wp\/v2\/comments?post=3151"}],"wp:featuredmedia":[{"embeddable":true,"href":"https:\/\/ateliercorcaroli.fr\/en\/wp-json\/wp\/v2\/media\/3233"}],"wp:attachment":[{"href":"https:\/\/ateliercorcaroli.fr\/en\/wp-json\/wp\/v2\/media?parent=3151"}],"wp:term":[{"taxonomy":"product_brand","embeddable":true,"href":"https:\/\/ateliercorcaroli.fr\/en\/wp-json\/wp\/v2\/product_brand?post=3151"},{"taxonomy":"product_cat","embeddable":true,"href":"https:\/\/ateliercorcaroli.fr\/en\/wp-json\/wp\/v2\/product_cat?post=3151"},{"taxonomy":"product_tag","embeddable":true,"href":"https:\/\/ateliercorcaroli.fr\/en\/wp-json\/wp\/v2\/product_tag?post=3151"}],"curies":[{"name":"wp","href":"https:\/\/api.w.org\/{rel}","templated":true}]}}