{"id":3379,"date":"2025-03-17T15:58:37","date_gmt":"2025-03-17T15:58:37","guid":{"rendered":"https:\/\/ateliercorcaroli.fr\/?post_type=product&#038;p=3379"},"modified":"2026-02-09T18:08:09","modified_gmt":"2026-02-09T18:08:09","slug":"chemiseoversizesolea","status":"publish","type":"product","link":"https:\/\/ateliercorcaroli.fr\/en\/product\/chemiseoversizesolea\/","title":{"rendered":"Oversized shirt Solea"},"content":{"rendered":"<ul>\n<li>Cotton Poplin Shirt<\/li>\n<li>Wash at a maximum of 30\u00b0C<\/li>\n<li>Do not tumble dry<\/li>\n<li>Iron at low temperature without steam<\/li>\n<li>Do not use bleach<\/li>\n<li class=\"translation-block\">One Size: <strong>Length 83 cm \/ Bust 145 cm \/ Sleeve length 77 cm<\/strong><\/li>\n<li class=\"translation-block\">For other sizes, please feel free to send us an <span style=\"color: #993366\"><em><a style=\"color: #993366\" href=\"https:\/\/ateliercorcaroli.fr\/en\/contactez-nous\/\" target=\"_self\">email<\/a><\/em><\/span><\/li>\n<li class=\"translation-block\">How to choose your <strong><a href=\"https:\/\/ateliercorcaroli.fr\/en\/comment-choisir-sa-taille\/\" target=\"_self\">size<\/a><\/strong>?<\/li>\n<\/ul>\n<p>&nbsp;<\/p>","protected":false},"excerpt":{"rendered":"<p class=\"p1\"><b>As spring returns, color takes center stage!<\/b><\/p>\n<p class=\"p1\"><b>Each piece is unique: featuring exclusive patterns and an oversized cut designed to suit all body types.<\/b><\/p>","protected":false},"featured_media":3388,"comment_status":"open","ping_status":"closed","template":"","meta":{"_uag_custom_page_level_css":""},"product_brand":[],"product_cat":[57,53,42],"product_tag":[],"class_list":{"0":"post-3379","1":"product","2":"type-product","3":"status-publish","4":"has-post-thumbnail","6":"product_cat-collection-2025","7":"product_cat-haut","8":"product_cat-vetements","10":"first","11":"instock","12":"purchasable","13":"product-type-variable"},"aioseo_notices":[],"uagb_featured_image_src":{"full":["https:\/\/ateliercorcaroli.fr\/wp-content\/uploads\/2025\/03\/IMG_5107-scaled.jpeg",1920,2560,false],"thumbnail":["https:\/\/ateliercorcaroli.fr\/wp-content\/uploads\/2025\/03\/IMG_5107-150x150.jpeg",150,150,true],"medium":["https:\/\/ateliercorcaroli.fr\/wp-content\/uploads\/2025\/03\/IMG_5107-225x300.jpeg",225,300,true],"medium_large":["https:\/\/ateliercorcaroli.fr\/wp-content\/uploads\/2025\/03\/IMG_5107-768x1024.jpeg",768,1024,true],"large":["https:\/\/ateliercorcaroli.fr\/wp-content\/uploads\/2025\/03\/IMG_5107-768x1024.jpeg",768,1024,true],"1536x1536":["https:\/\/ateliercorcaroli.fr\/wp-content\/uploads\/2025\/03\/IMG_5107-1152x1536.jpeg",1152,1536,true],"2048x2048":["https:\/\/ateliercorcaroli.fr\/wp-content\/uploads\/2025\/03\/IMG_5107-1536x2048.jpeg",1536,2048,true],"trp-custom-language-flag":["https:\/\/ateliercorcaroli.fr\/wp-content\/uploads\/2025\/03\/IMG_5107-scaled.jpeg",9,12,false],"mailpoet_newsletter_max":["https:\/\/ateliercorcaroli.fr\/wp-content\/uploads\/2025\/03\/IMG_5107-scaled.jpeg",1320,1760,false],"woocommerce_thumbnail":["https:\/\/ateliercorcaroli.fr\/wp-content\/uploads\/2025\/03\/IMG_5107-540x540.jpeg",540,540,true],"woocommerce_single":["https:\/\/ateliercorcaroli.fr\/wp-content\/uploads\/2025\/03\/IMG_5107-600x800.jpeg",600,800,true],"woocommerce_gallery_thumbnail":["https:\/\/ateliercorcaroli.fr\/wp-content\/uploads\/2025\/03\/IMG_5107-150x150.jpeg",150,150,true]},"uagb_author_info":{"display_name":"","author_link":"https:\/\/ateliercorcaroli.fr\/en\/author\/"},"uagb_comment_info":0,"uagb_excerpt":"Avec le retour du printemps, place \u00e0 la couleur ! Chaque pi\u00e8ce est unique : des motifs exclusifs, une coupe oversize pens\u00e9e pour s\u2019adapter \u00e0 toutes les morphologies.","_links":{"self":[{"href":"https:\/\/ateliercorcaroli.fr\/en\/wp-json\/wp\/v2\/product\/3379","targetHints":{"allow":["GET"]}}],"collection":[{"href":"https:\/\/ateliercorcaroli.fr\/en\/wp-json\/wp\/v2\/product"}],"about":[{"href":"https:\/\/ateliercorcaroli.fr\/en\/wp-json\/wp\/v2\/types\/product"}],"replies":[{"embeddable":true,"href":"https:\/\/ateliercorcaroli.fr\/en\/wp-json\/wp\/v2\/comments?post=3379"}],"wp:featuredmedia":[{"embeddable":true,"href":"https:\/\/ateliercorcaroli.fr\/en\/wp-json\/wp\/v2\/media\/3388"}],"wp:attachment":[{"href":"https:\/\/ateliercorcaroli.fr\/en\/wp-json\/wp\/v2\/media?parent=3379"}],"wp:term":[{"taxonomy":"product_brand","embeddable":true,"href":"https:\/\/ateliercorcaroli.fr\/en\/wp-json\/wp\/v2\/product_brand?post=3379"},{"taxonomy":"product_cat","embeddable":true,"href":"https:\/\/ateliercorcaroli.fr\/en\/wp-json\/wp\/v2\/product_cat?post=3379"},{"taxonomy":"product_tag","embeddable":true,"href":"https:\/\/ateliercorcaroli.fr\/en\/wp-json\/wp\/v2\/product_tag?post=3379"}],"curies":[{"name":"wp","href":"https:\/\/api.w.org\/{rel}","templated":true}]}}