{"id":3536,"date":"2025-04-25T07:17:02","date_gmt":"2025-04-25T07:17:02","guid":{"rendered":"https:\/\/ateliercorcaroli.fr\/?post_type=product&#038;p=3536"},"modified":"2026-02-09T18:06:03","modified_gmt":"2026-02-09T18:06:03","slug":"shortsunset","status":"publish","type":"product","link":"https:\/\/ateliercorcaroli.fr\/en\/product\/shortsunset\/","title":{"rendered":"Sunset Shorts"},"content":{"rendered":"<ul>\n<li>Jeans composed of 70% cotton, 28% polyester, and 2% elastane.<\/li>\n<li>Wash at a maximum of 30\u00b0C<\/li>\n<li>Do not tumble dry<\/li>\n<li>Iron at low temperature without steam<\/li>\n<li>Do not use bleach<\/li>\n<li class=\"translation-block\">For other sizes, please feel free to send us an <span style=\"color: #993366\"><em><a style=\"color: #993366\" href=\"https:\/\/ateliercorcaroli.fr\/en\/contactez-nous\/\" target=\"_self\">email<\/a><\/em><\/span><\/li>\n<li class=\"translation-block\">How to choose your <strong><a href=\"https:\/\/ateliercorcaroli.fr\/en\/comment-choisir-sa-taille\/\" target=\"_self\">size<\/a><\/strong>?<\/li>\n<\/ul>\n<p>&nbsp;<\/p>","protected":false},"excerpt":{"rendered":"<p>A touch of the 1970s.<\/p>\n<p>Born between blue skies and warm concrete,<\/p>\n<p>handcrafted in Antibes,<\/p>\n<p>where sunlight guides every seam.<\/p>","protected":false},"featured_media":3543,"comment_status":"open","ping_status":"closed","template":"","meta":{"_uag_custom_page_level_css":""},"product_brand":[],"product_cat":[58,57,42],"product_tag":[],"class_list":{"0":"post-3536","1":"product","2":"type-product","3":"status-publish","4":"has-post-thumbnail","6":"product_cat-bas","7":"product_cat-collection-2025","8":"product_cat-vetements","10":"first","11":"instock","12":"purchasable","13":"product-type-variable"},"aioseo_notices":[],"uagb_featured_image_src":{"full":["https:\/\/ateliercorcaroli.fr\/wp-content\/uploads\/2025\/04\/IMG_5488-scaled.jpeg",1790,2560,false],"thumbnail":["https:\/\/ateliercorcaroli.fr\/wp-content\/uploads\/2025\/04\/IMG_5488-150x150.jpeg",150,150,true],"medium":["https:\/\/ateliercorcaroli.fr\/wp-content\/uploads\/2025\/04\/IMG_5488-210x300.jpeg",210,300,true],"medium_large":["https:\/\/ateliercorcaroli.fr\/wp-content\/uploads\/2025\/04\/IMG_5488-768x1098.jpeg",768,1098,true],"large":["https:\/\/ateliercorcaroli.fr\/wp-content\/uploads\/2025\/04\/IMG_5488-716x1024.jpeg",716,1024,true],"1536x1536":["https:\/\/ateliercorcaroli.fr\/wp-content\/uploads\/2025\/04\/IMG_5488-1074x1536.jpeg",1074,1536,true],"2048x2048":["https:\/\/ateliercorcaroli.fr\/wp-content\/uploads\/2025\/04\/IMG_5488-1432x2048.jpeg",1432,2048,true],"trp-custom-language-flag":["https:\/\/ateliercorcaroli.fr\/wp-content\/uploads\/2025\/04\/IMG_5488-scaled.jpeg",8,12,false],"mailpoet_newsletter_max":["https:\/\/ateliercorcaroli.fr\/wp-content\/uploads\/2025\/04\/IMG_5488-scaled.jpeg",1320,1888,false],"woocommerce_thumbnail":["https:\/\/ateliercorcaroli.fr\/wp-content\/uploads\/2025\/04\/IMG_5488-540x540.jpeg",540,540,true],"woocommerce_single":["https:\/\/ateliercorcaroli.fr\/wp-content\/uploads\/2025\/04\/IMG_5488-600x858.jpeg",600,858,true],"woocommerce_gallery_thumbnail":["https:\/\/ateliercorcaroli.fr\/wp-content\/uploads\/2025\/04\/IMG_5488-150x150.jpeg",150,150,true]},"uagb_author_info":{"display_name":"","author_link":"https:\/\/ateliercorcaroli.fr\/en\/author\/"},"uagb_comment_info":0,"uagb_excerpt":"Un souffle des ann\u00e9es 70. Un short n\u00e9 entre ciel azur et b\u00e9ton chaud, enti\u00e8rement fait main \u00e0 Antibes, l\u00e0 o\u00f9 le soleil inspire les coutures.","_links":{"self":[{"href":"https:\/\/ateliercorcaroli.fr\/en\/wp-json\/wp\/v2\/product\/3536","targetHints":{"allow":["GET"]}}],"collection":[{"href":"https:\/\/ateliercorcaroli.fr\/en\/wp-json\/wp\/v2\/product"}],"about":[{"href":"https:\/\/ateliercorcaroli.fr\/en\/wp-json\/wp\/v2\/types\/product"}],"replies":[{"embeddable":true,"href":"https:\/\/ateliercorcaroli.fr\/en\/wp-json\/wp\/v2\/comments?post=3536"}],"wp:featuredmedia":[{"embeddable":true,"href":"https:\/\/ateliercorcaroli.fr\/en\/wp-json\/wp\/v2\/media\/3543"}],"wp:attachment":[{"href":"https:\/\/ateliercorcaroli.fr\/en\/wp-json\/wp\/v2\/media?parent=3536"}],"wp:term":[{"taxonomy":"product_brand","embeddable":true,"href":"https:\/\/ateliercorcaroli.fr\/en\/wp-json\/wp\/v2\/product_brand?post=3536"},{"taxonomy":"product_cat","embeddable":true,"href":"https:\/\/ateliercorcaroli.fr\/en\/wp-json\/wp\/v2\/product_cat?post=3536"},{"taxonomy":"product_tag","embeddable":true,"href":"https:\/\/ateliercorcaroli.fr\/en\/wp-json\/wp\/v2\/product_tag?post=3536"}],"curies":[{"name":"wp","href":"https:\/\/api.w.org\/{rel}","templated":true}]}}