{"id":3558,"date":"2025-04-25T14:54:59","date_gmt":"2025-04-25T14:54:59","guid":{"rendered":"https:\/\/ateliercorcaroli.fr\/?post_type=product&#038;p=3558"},"modified":"2026-02-09T18:01:17","modified_gmt":"2026-02-09T18:01:17","slug":"sac-banane-capsule-chromatique","status":"publish","type":"product","link":"https:\/\/ateliercorcaroli.fr\/en\/product\/sac-banane-capsule-chromatique\/","title":{"rendered":"Chromatic Capsule"},"content":{"rendered":"<ul>\n<li>Handmade in Antibes<\/li>\n<li>Adjustable strap<\/li>\n<li>Composition: Velvet &amp; Denim, 100% cotton lining<\/li>\n<li>Shipping within mainland France<\/li>\n<\/ul>","protected":false},"excerpt":{"rendered":"<p class=\"p1\"><b>Chromatic Capsule: a five-shade collection, handmade and flower-lined, created for those who feel color as an emotion.<\/b><\/p>","protected":false},"featured_media":3581,"comment_status":"open","ping_status":"closed","template":"","meta":{"_uag_custom_page_level_css":""},"product_brand":[],"product_cat":[41,57,46],"product_tag":[],"class_list":{"0":"post-3558","1":"product","2":"type-product","3":"status-publish","4":"has-post-thumbnail","6":"product_cat-accessoires","7":"product_cat-collection-2025","8":"product_cat-sacs-banane","10":"first","11":"instock","12":"purchasable","13":"product-type-variable"},"aioseo_notices":[],"uagb_featured_image_src":{"full":["https:\/\/ateliercorcaroli.fr\/wp-content\/uploads\/2025\/04\/IMG_5557-scaled.jpeg",1920,2560,false],"thumbnail":["https:\/\/ateliercorcaroli.fr\/wp-content\/uploads\/2025\/04\/IMG_5557-150x150.jpeg",150,150,true],"medium":["https:\/\/ateliercorcaroli.fr\/wp-content\/uploads\/2025\/04\/IMG_5557-225x300.jpeg",225,300,true],"medium_large":["https:\/\/ateliercorcaroli.fr\/wp-content\/uploads\/2025\/04\/IMG_5557-768x1024.jpeg",768,1024,true],"large":["https:\/\/ateliercorcaroli.fr\/wp-content\/uploads\/2025\/04\/IMG_5557-768x1024.jpeg",768,1024,true],"1536x1536":["https:\/\/ateliercorcaroli.fr\/wp-content\/uploads\/2025\/04\/IMG_5557-1152x1536.jpeg",1152,1536,true],"2048x2048":["https:\/\/ateliercorcaroli.fr\/wp-content\/uploads\/2025\/04\/IMG_5557-1536x2048.jpeg",1536,2048,true],"trp-custom-language-flag":["https:\/\/ateliercorcaroli.fr\/wp-content\/uploads\/2025\/04\/IMG_5557-scaled.jpeg",9,12,false],"mailpoet_newsletter_max":["https:\/\/ateliercorcaroli.fr\/wp-content\/uploads\/2025\/04\/IMG_5557-scaled.jpeg",1320,1760,false],"woocommerce_thumbnail":["https:\/\/ateliercorcaroli.fr\/wp-content\/uploads\/2025\/04\/IMG_5557-540x540.jpeg",540,540,true],"woocommerce_single":["https:\/\/ateliercorcaroli.fr\/wp-content\/uploads\/2025\/04\/IMG_5557-600x800.jpeg",600,800,true],"woocommerce_gallery_thumbnail":["https:\/\/ateliercorcaroli.fr\/wp-content\/uploads\/2025\/04\/IMG_5557-150x150.jpeg",150,150,true]},"uagb_author_info":{"display_name":"","author_link":"https:\/\/ateliercorcaroli.fr\/en\/author\/"},"uagb_comment_info":0,"uagb_excerpt":"Capsule Chromatique : une collection qui vibre en cinq nuances, cousue \u00e0 la main, doubl\u00e9e de fleurs, pens\u00e9e pour celles et ceux qui portent la couleur comme une \u00e9motion","_links":{"self":[{"href":"https:\/\/ateliercorcaroli.fr\/en\/wp-json\/wp\/v2\/product\/3558","targetHints":{"allow":["GET"]}}],"collection":[{"href":"https:\/\/ateliercorcaroli.fr\/en\/wp-json\/wp\/v2\/product"}],"about":[{"href":"https:\/\/ateliercorcaroli.fr\/en\/wp-json\/wp\/v2\/types\/product"}],"replies":[{"embeddable":true,"href":"https:\/\/ateliercorcaroli.fr\/en\/wp-json\/wp\/v2\/comments?post=3558"}],"wp:featuredmedia":[{"embeddable":true,"href":"https:\/\/ateliercorcaroli.fr\/en\/wp-json\/wp\/v2\/media\/3581"}],"wp:attachment":[{"href":"https:\/\/ateliercorcaroli.fr\/en\/wp-json\/wp\/v2\/media?parent=3558"}],"wp:term":[{"taxonomy":"product_brand","embeddable":true,"href":"https:\/\/ateliercorcaroli.fr\/en\/wp-json\/wp\/v2\/product_brand?post=3558"},{"taxonomy":"product_cat","embeddable":true,"href":"https:\/\/ateliercorcaroli.fr\/en\/wp-json\/wp\/v2\/product_cat?post=3558"},{"taxonomy":"product_tag","embeddable":true,"href":"https:\/\/ateliercorcaroli.fr\/en\/wp-json\/wp\/v2\/product_tag?post=3558"}],"curies":[{"name":"wp","href":"https:\/\/api.w.org\/{rel}","templated":true}]}}