{"id":3701,"date":"2025-07-08T17:31:07","date_gmt":"2025-07-08T17:31:07","guid":{"rendered":"https:\/\/ateliercorcaroli.fr\/?post_type=product&#038;p=3701"},"modified":"2026-02-09T17:59:42","modified_gmt":"2026-02-09T17:59:42","slug":"shortdenim","status":"publish","type":"product","link":"https:\/\/ateliercorcaroli.fr\/en\/product\/shortdenim\/","title":{"rendered":"L\u2019\u00e9t\u00e9 Denim"},"content":{"rendered":"<ul>\n<li>Jeans composed of 70% cotton, 28% polyester, and 2% elastane.<\/li>\n<li>Wash at a maximum of 30\u00b0C<\/li>\n<li>Do not tumble dry<\/li>\n<li>Iron at low temperature without steam<\/li>\n<li>Do not use bleach<\/li>\n<li class=\"translation-block\">For other sizes, please feel free to send us an <span style=\"color: #993366\"><em><a style=\"color: #993366\" href=\"https:\/\/ateliercorcaroli.fr\/en\/contactez-nous\/\" target=\"_self\">email<\/a><\/em><\/span><\/li>\n<li class=\"translation-block\">How to choose your <strong><a href=\"https:\/\/ateliercorcaroli.fr\/en\/comment-choisir-sa-taille\/\" target=\"_self\">size<\/a><\/strong>?<\/li>\n<\/ul>\n<p>&nbsp;<\/p>","protected":false},"excerpt":{"rendered":"<p>A touch of the 1970s.<\/p>\n<p>Born between blue skies and warm concrete,<\/p>\n<p>handcrafted in Antibes,<\/p>\n<p>where sunlight guides every seam.<\/p>","protected":false},"featured_media":3687,"comment_status":"open","ping_status":"closed","template":"","meta":{"_uag_custom_page_level_css":""},"product_brand":[],"product_cat":[58,57,42],"product_tag":[],"class_list":{"0":"post-3701","1":"product","2":"type-product","3":"status-publish","4":"has-post-thumbnail","6":"product_cat-bas","7":"product_cat-collection-2025","8":"product_cat-vetements","10":"first","11":"instock","12":"purchasable","13":"product-type-variable"},"aioseo_notices":[],"uagb_featured_image_src":{"full":["https:\/\/ateliercorcaroli.fr\/wp-content\/uploads\/2025\/06\/IMG_6147-scaled-e1751996176716.jpeg",1330,1617,false],"thumbnail":["https:\/\/ateliercorcaroli.fr\/wp-content\/uploads\/2025\/06\/IMG_6147-scaled-e1751996176716-150x150.jpeg",150,150,true],"medium":["https:\/\/ateliercorcaroli.fr\/wp-content\/uploads\/2025\/06\/IMG_6147-scaled-e1751996176716-247x300.jpeg",247,300,true],"medium_large":["https:\/\/ateliercorcaroli.fr\/wp-content\/uploads\/2025\/06\/IMG_6147-scaled-e1751996176716-768x934.jpeg",768,934,true],"large":["https:\/\/ateliercorcaroli.fr\/wp-content\/uploads\/2025\/06\/IMG_6147-scaled-e1751996176716-842x1024.jpeg",842,1024,true],"1536x1536":["https:\/\/ateliercorcaroli.fr\/wp-content\/uploads\/2025\/06\/IMG_6147-scaled-e1751996176716-1263x1536.jpeg",1263,1536,true],"2048x2048":["https:\/\/ateliercorcaroli.fr\/wp-content\/uploads\/2025\/06\/IMG_6147-1256x2048.jpeg",1256,2048,true],"trp-custom-language-flag":["https:\/\/ateliercorcaroli.fr\/wp-content\/uploads\/2025\/06\/IMG_6147-scaled-e1751996176716.jpeg",10,12,false],"mailpoet_newsletter_max":["https:\/\/ateliercorcaroli.fr\/wp-content\/uploads\/2025\/06\/IMG_6147-scaled-e1751996176716-1320x1605.jpeg",1320,1605,true],"woocommerce_thumbnail":["https:\/\/ateliercorcaroli.fr\/wp-content\/uploads\/2025\/06\/IMG_6147-scaled-e1751996176716-540x540.jpeg",540,540,true],"woocommerce_single":["https:\/\/ateliercorcaroli.fr\/wp-content\/uploads\/2025\/06\/IMG_6147-scaled-e1751996176716-600x729.jpeg",600,729,true],"woocommerce_gallery_thumbnail":["https:\/\/ateliercorcaroli.fr\/wp-content\/uploads\/2025\/06\/IMG_6147-scaled-e1751996176716-150x150.jpeg",150,150,true]},"uagb_author_info":{"display_name":"","author_link":"https:\/\/ateliercorcaroli.fr\/en\/author\/"},"uagb_comment_info":0,"uagb_excerpt":"Un souffle des ann\u00e9es 70. Un short n\u00e9 entre ciel azur et b\u00e9ton chaud, enti\u00e8rement fait main \u00e0 Antibes, l\u00e0 o\u00f9 le soleil inspire les coutures.","_links":{"self":[{"href":"https:\/\/ateliercorcaroli.fr\/en\/wp-json\/wp\/v2\/product\/3701","targetHints":{"allow":["GET"]}}],"collection":[{"href":"https:\/\/ateliercorcaroli.fr\/en\/wp-json\/wp\/v2\/product"}],"about":[{"href":"https:\/\/ateliercorcaroli.fr\/en\/wp-json\/wp\/v2\/types\/product"}],"replies":[{"embeddable":true,"href":"https:\/\/ateliercorcaroli.fr\/en\/wp-json\/wp\/v2\/comments?post=3701"}],"wp:featuredmedia":[{"embeddable":true,"href":"https:\/\/ateliercorcaroli.fr\/en\/wp-json\/wp\/v2\/media\/3687"}],"wp:attachment":[{"href":"https:\/\/ateliercorcaroli.fr\/en\/wp-json\/wp\/v2\/media?parent=3701"}],"wp:term":[{"taxonomy":"product_brand","embeddable":true,"href":"https:\/\/ateliercorcaroli.fr\/en\/wp-json\/wp\/v2\/product_brand?post=3701"},{"taxonomy":"product_cat","embeddable":true,"href":"https:\/\/ateliercorcaroli.fr\/en\/wp-json\/wp\/v2\/product_cat?post=3701"},{"taxonomy":"product_tag","embeddable":true,"href":"https:\/\/ateliercorcaroli.fr\/en\/wp-json\/wp\/v2\/product_tag?post=3701"}],"curies":[{"name":"wp","href":"https:\/\/api.w.org\/{rel}","templated":true}]}}