{"id":3783,"date":"2025-10-06T17:33:14","date_gmt":"2025-10-06T17:33:14","guid":{"rendered":"https:\/\/ateliercorcaroli.fr\/?post_type=product&#038;p=3783"},"modified":"2026-02-20T10:37:54","modified_gmt":"2026-02-20T10:37:54","slug":"pantalonriviera","status":"publish","type":"product","link":"https:\/\/ateliercorcaroli.fr\/en\/product\/pantalonriviera\/","title":{"rendered":"Pants Riviera"},"content":{"rendered":"<ul>\n<li><strong>Pants Riviera Black:<\/strong> Black cotton &amp; linen fabric (46% cotton, 54% linen)<\/li>\n<li class=\"translation-block\"><strong>Riviera Denim Trousers:<\/strong> 100% cotton<\/li>\n<li>Wash at a maximum of 30\u00b0C<\/li>\n<li>Do not tumble dry<\/li>\n<li>Iron at low temperature without steam<\/li>\n<li>Do not use bleach<\/li>\n<li class=\"translation-block\">For other sizes, please feel free to send us an <span style=\"color: #993366\"><em><a style=\"color: #993366\" href=\"https:\/\/ateliercorcaroli.fr\/en\/contactez-nous\/\" target=\"_self\">email<\/a><\/em><\/span><\/li>\n<li class=\"translation-block\">How to choose your <strong><a href=\"https:\/\/ateliercorcaroli.fr\/en\/comment-choisir-sa-taille\/\" target=\"_self\">size<\/a><\/strong>?<\/li>\n<li class=\"translation-block\">The leg length of your trousers is adjusted according to your <a href=\"https:\/\/ateliercorcaroli.fr\/en\/comment-choisir-sa-taille\/\" target=\"_self\">measurements<\/a>.<\/li>\n<\/ul>","protected":false},"excerpt":{"rendered":"<p>\ud83c\udf3e Pants Riviera<\/p>\n<p class=\"translation-block\">At the heart of an autumn morning, its straight cut moves with lightness.<br>\nItalian-style pockets and a high elasticated waist combine comfort and elegance.<br>\nCrafted from black linen and cotton, it follows every movement with softness and style.<\/p>","protected":false},"featured_media":3792,"comment_status":"open","ping_status":"closed","template":"","meta":{"_uag_custom_page_level_css":""},"product_brand":[],"product_cat":[50,42],"product_tag":[],"class_list":{"0":"post-3783","1":"product","2":"type-product","3":"status-publish","4":"has-post-thumbnail","6":"product_cat-pantalon","7":"product_cat-vetements","9":"first","10":"instock","11":"purchasable","12":"product-type-variable"},"aioseo_notices":[],"uagb_featured_image_src":{"full":["https:\/\/ateliercorcaroli.fr\/wp-content\/uploads\/2025\/10\/IMG_6734.jpeg",1134,1903,false],"thumbnail":["https:\/\/ateliercorcaroli.fr\/wp-content\/uploads\/2025\/10\/IMG_6734-150x150.jpeg",150,150,true],"medium":["https:\/\/ateliercorcaroli.fr\/wp-content\/uploads\/2025\/10\/IMG_6734-179x300.jpeg",179,300,true],"medium_large":["https:\/\/ateliercorcaroli.fr\/wp-content\/uploads\/2025\/10\/IMG_6734-768x1289.jpeg",768,1289,true],"large":["https:\/\/ateliercorcaroli.fr\/wp-content\/uploads\/2025\/10\/IMG_6734-610x1024.jpeg",610,1024,true],"1536x1536":["https:\/\/ateliercorcaroli.fr\/wp-content\/uploads\/2025\/10\/IMG_6734-915x1536.jpeg",915,1536,true],"2048x2048":["https:\/\/ateliercorcaroli.fr\/wp-content\/uploads\/2025\/10\/IMG_6734.jpeg",1134,1903,false],"trp-custom-language-flag":["https:\/\/ateliercorcaroli.fr\/wp-content\/uploads\/2025\/10\/IMG_6734.jpeg",7,12,false],"mailpoet_newsletter_max":["https:\/\/ateliercorcaroli.fr\/wp-content\/uploads\/2025\/10\/IMG_6734.jpeg",1134,1903,false],"woocommerce_thumbnail":["https:\/\/ateliercorcaroli.fr\/wp-content\/uploads\/2025\/10\/IMG_6734-540x540.jpeg",540,540,true],"woocommerce_single":["https:\/\/ateliercorcaroli.fr\/wp-content\/uploads\/2025\/10\/IMG_6734-600x1007.jpeg",600,1007,true],"woocommerce_gallery_thumbnail":["https:\/\/ateliercorcaroli.fr\/wp-content\/uploads\/2025\/10\/IMG_6734-150x150.jpeg",150,150,true]},"uagb_author_info":{"display_name":"","author_link":"https:\/\/ateliercorcaroli.fr\/en\/author\/"},"uagb_comment_info":0,"uagb_excerpt":"\ud83c\udf3e Pantalon Riviera Au c\u0153ur d\u2019un matin d\u2019automne, sa coupe droite glisse avec l\u00e9g\u00e8ret\u00e9. Les poches \u00e0 l\u2019italienne et la ceinture haute \u00e9lastiqu\u00e9e allient confort et \u00e9l\u00e9gance. Confectionn\u00e9 en lin et coton noir, il \u00e9pouse chaque mouvement avec douceur et style.","_links":{"self":[{"href":"https:\/\/ateliercorcaroli.fr\/en\/wp-json\/wp\/v2\/product\/3783","targetHints":{"allow":["GET"]}}],"collection":[{"href":"https:\/\/ateliercorcaroli.fr\/en\/wp-json\/wp\/v2\/product"}],"about":[{"href":"https:\/\/ateliercorcaroli.fr\/en\/wp-json\/wp\/v2\/types\/product"}],"replies":[{"embeddable":true,"href":"https:\/\/ateliercorcaroli.fr\/en\/wp-json\/wp\/v2\/comments?post=3783"}],"wp:featuredmedia":[{"embeddable":true,"href":"https:\/\/ateliercorcaroli.fr\/en\/wp-json\/wp\/v2\/media\/3792"}],"wp:attachment":[{"href":"https:\/\/ateliercorcaroli.fr\/en\/wp-json\/wp\/v2\/media?parent=3783"}],"wp:term":[{"taxonomy":"product_brand","embeddable":true,"href":"https:\/\/ateliercorcaroli.fr\/en\/wp-json\/wp\/v2\/product_brand?post=3783"},{"taxonomy":"product_cat","embeddable":true,"href":"https:\/\/ateliercorcaroli.fr\/en\/wp-json\/wp\/v2\/product_cat?post=3783"},{"taxonomy":"product_tag","embeddable":true,"href":"https:\/\/ateliercorcaroli.fr\/en\/wp-json\/wp\/v2\/product_tag?post=3783"}],"curies":[{"name":"wp","href":"https:\/\/api.w.org\/{rel}","templated":true}]}}