{"id":3856,"date":"2025-10-20T18:56:02","date_gmt":"2025-10-20T18:56:02","guid":{"rendered":"https:\/\/ateliercorcaroli.fr\/?post_type=product&#038;p=3856"},"modified":"2026-02-09T15:10:01","modified_gmt":"2026-02-09T15:10:01","slug":"sacsablesauvage","status":"publish","type":"product","link":"https:\/\/ateliercorcaroli.fr\/en\/product\/sacsablesauvage\/","title":{"rendered":"Bag Sable Sauvage"},"content":{"rendered":"<ul>\n<li>French jacquard fabric<\/li>\n<li>Lined with upcycled velvet sourced from deadstock<\/li>\n<li>Button closure<\/li>\n<li>Artisanal craftsmanship<\/li>\n<li>Small batch<\/li>\n<\/ul>","protected":false},"excerpt":{"rendered":"<p class=\"translation-block\">Blending elegance and character, the Sable Sauvage bag is a unique piece crafted from high-quality, eco-responsible materials.<br> Its outer fabric is a jacquard woven in France, featuring a subtle and refined leopard pattern that gives it a style both natural and sophisticated.<\/p>\n<p class=\"translation-block\">The interior is lined with light brown velvet sourced from deadstock, offering a more sustainable and environmentally respectful approach.<br> A wide handle ensures comfortable shoulder wear, while the central button in <strong><a target=\"_self\">Coco Guyenne<\/a><\/strong> adds an artisanal and authentic touch.<\/p>\n<p>Each bag is carefully designed through a mindful production approach, to accompany your days with elegance and softness.<\/p>","protected":false},"featured_media":3857,"comment_status":"open","ping_status":"closed","template":"","meta":{"_uag_custom_page_level_css":""},"product_brand":[],"product_cat":[41,47],"product_tag":[],"class_list":{"0":"post-3856","1":"product","2":"type-product","3":"status-publish","4":"has-post-thumbnail","6":"product_cat-accessoires","7":"product_cat-sacs-cabas","9":"first","10":"instock","11":"purchasable","12":"product-type-simple"},"aioseo_notices":[],"uagb_featured_image_src":{"full":["https:\/\/ateliercorcaroli.fr\/wp-content\/uploads\/2025\/10\/IMG_6847-scaled.jpeg",2027,2560,false],"thumbnail":["https:\/\/ateliercorcaroli.fr\/wp-content\/uploads\/2025\/10\/IMG_6847-150x150.jpeg",150,150,true],"medium":["https:\/\/ateliercorcaroli.fr\/wp-content\/uploads\/2025\/10\/IMG_6847-237x300.jpeg",237,300,true],"medium_large":["https:\/\/ateliercorcaroli.fr\/wp-content\/uploads\/2025\/10\/IMG_6847-768x970.jpeg",768,970,true],"large":["https:\/\/ateliercorcaroli.fr\/wp-content\/uploads\/2025\/10\/IMG_6847-811x1024.jpeg",811,1024,true],"1536x1536":["https:\/\/ateliercorcaroli.fr\/wp-content\/uploads\/2025\/10\/IMG_6847-1216x1536.jpeg",1216,1536,true],"2048x2048":["https:\/\/ateliercorcaroli.fr\/wp-content\/uploads\/2025\/10\/IMG_6847-1621x2048.jpeg",1621,2048,true],"trp-custom-language-flag":["https:\/\/ateliercorcaroli.fr\/wp-content\/uploads\/2025\/10\/IMG_6847-scaled.jpeg",10,12,false],"mailpoet_newsletter_max":["https:\/\/ateliercorcaroli.fr\/wp-content\/uploads\/2025\/10\/IMG_6847-1320x1667.jpeg",1320,1667,true],"woocommerce_thumbnail":["https:\/\/ateliercorcaroli.fr\/wp-content\/uploads\/2025\/10\/IMG_6847-540x540.jpeg",540,540,true],"woocommerce_single":["https:\/\/ateliercorcaroli.fr\/wp-content\/uploads\/2025\/10\/IMG_6847-600x758.jpeg",600,758,true],"woocommerce_gallery_thumbnail":["https:\/\/ateliercorcaroli.fr\/wp-content\/uploads\/2025\/10\/IMG_6847-150x150.jpeg",150,150,true]},"uagb_author_info":{"display_name":"","author_link":"https:\/\/ateliercorcaroli.fr\/en\/author\/"},"uagb_comment_info":4,"uagb_excerpt":"Alliant \u00e9l\u00e9gance et caract\u00e8re, le sac Sable Sauvage est une pi\u00e8ce unique confectionn\u00e9e \u00e0 partir de mati\u00e8res de qualit\u00e9 et \u00e9coresponsables. Son tissu ext\u00e9rieur est un jacquard tiss\u00e9 en France, au motif l\u00e9opard subtil et raffin\u00e9, qui lui conf\u00e8re un style \u00e0 la fois naturel et sophistiqu\u00e9. L\u2019int\u00e9rieur est doubl\u00e9 d\u2019un velours marron clair issu&hellip;","_links":{"self":[{"href":"https:\/\/ateliercorcaroli.fr\/en\/wp-json\/wp\/v2\/product\/3856","targetHints":{"allow":["GET"]}}],"collection":[{"href":"https:\/\/ateliercorcaroli.fr\/en\/wp-json\/wp\/v2\/product"}],"about":[{"href":"https:\/\/ateliercorcaroli.fr\/en\/wp-json\/wp\/v2\/types\/product"}],"replies":[{"embeddable":true,"href":"https:\/\/ateliercorcaroli.fr\/en\/wp-json\/wp\/v2\/comments?post=3856"}],"wp:featuredmedia":[{"embeddable":true,"href":"https:\/\/ateliercorcaroli.fr\/en\/wp-json\/wp\/v2\/media\/3857"}],"wp:attachment":[{"href":"https:\/\/ateliercorcaroli.fr\/en\/wp-json\/wp\/v2\/media?parent=3856"}],"wp:term":[{"taxonomy":"product_brand","embeddable":true,"href":"https:\/\/ateliercorcaroli.fr\/en\/wp-json\/wp\/v2\/product_brand?post=3856"},{"taxonomy":"product_cat","embeddable":true,"href":"https:\/\/ateliercorcaroli.fr\/en\/wp-json\/wp\/v2\/product_cat?post=3856"},{"taxonomy":"product_tag","embeddable":true,"href":"https:\/\/ateliercorcaroli.fr\/en\/wp-json\/wp\/v2\/product_tag?post=3856"}],"curies":[{"name":"wp","href":"https:\/\/api.w.org\/{rel}","templated":true}]}}